{"id":1429,"date":"2024-07-01T00:00:29","date_gmt":"2024-06-30T22:00:29","guid":{"rendered":"https:\/\/shop.iml.unibe.ch\/?post_type=product&#038;p=1429"},"modified":"2026-04-08T10:34:46","modified_gmt":"2026-04-08T08:34:46","slug":"bern36","status":"publish","type":"product","link":"https:\/\/shop.iml.unibe.ch\/fr\/products\/bern36\/","title":{"rendered":"Vid\u00e9os \u00abBern36\u00bb Skills"},"content":{"rendered":"<p class=\"p1\">Les vid\u00e9os \u00ab Bern36 \u00bb couvrent un large \u00e9ventail de techniques d\u2019examen clinique: du syst\u00e8me cardiovasculaire, des poumons et de l\u2019abdomen \u00e0 la neurologie, \u00e0 la p\u00e9diatrie et \u00e0 la gyn\u00e9cologie, ainsi qu\u2019\u00e0 l\u2019appareil locomoteur, \u00e0 l\u2019ophtalmologie et \u00e0 l\u2019oto-rhino-laryngologie (ORL).<\/p>\n<p><a href=\"https:\/\/elearning.medizin.unibe.ch\/clinisurf\/bern36\" target=\"_blank\" rel=\"noopener\">Informations sur \u00abBern36\u00bb<\/a><\/p>\n    <table class=\"medsurf-bulk-discount-table\">\n        <thead>\n            <tr>\n                                    <th>\n                        1 - 5 licences                    <\/th>\n                                    <th>\n                        6 - 250 licences                    <\/th>\n                            <\/tr>\n        <\/thead>\n        <tbody>\n            <tr>\n                                    <td>\n                        <span class=\"woocommerce-Price-amount amount\"><bdi><span class=\"woocommerce-Price-currencySymbol\">&#67;&#72;&#70;<\/span>&nbsp;19.90<\/bdi><\/span> par licence                    <\/td>\n                                    <td>\n                        <span class=\"woocommerce-Price-amount amount\"><bdi><span class=\"woocommerce-Price-currencySymbol\">&#67;&#72;&#70;<\/span>&nbsp;9.90<\/bdi><\/span> par licence                    <\/td>\n                            <\/tr>\n        <\/tbody>\n    <\/table>\n    \n<p><strong>Licence pour les institutions<\/strong><br \/>\nNous proposons aux institutions une licence au prix de CHF 2500.\u2013 par an, valable pour un nombre illimit\u00e9 d&rsquo;utilisateurs.<br \/>\nSi vous \u00eates int\u00e9ress\u00e9, veuillez nous contacter par e-mail \u00e0 l&rsquo;adresse <a href=\"mailto:elearnsupport.iml@unibe.ch\">elearnsupport.iml@unibe.ch<\/a>.<\/p>\n","protected":false},"excerpt":{"rendered":"<p class=\"p1\">La vaste collection de vid\u00e9os consacr\u00e9es aux techniques d\u2019examen clinique destin\u00e9es aux \u00e9tudiant\u00b7e\u00b7s en m\u00e9decine humaine dans le cadre du Clinical Skills Training (CST).<\/p>\n","protected":false},"featured_media":2762,"template":"","meta":{"_acf_changed":false},"product_brand":[],"product_cat":[27],"product_tag":[],"class_list":{"0":"post-1429","1":"product","2":"type-product","3":"status-publish","4":"has-post-thumbnail","6":"product_cat-cst-videos","8":"first","9":"instock","10":"virtual","11":"taxable","12":"purchasable","13":"product-type-subscription"},"acf":[],"_links":{"self":[{"href":"https:\/\/shop.iml.unibe.ch\/fr\/wp-json\/wp\/v2\/product\/1429","targetHints":{"allow":["GET"]}}],"collection":[{"href":"https:\/\/shop.iml.unibe.ch\/fr\/wp-json\/wp\/v2\/product"}],"about":[{"href":"https:\/\/shop.iml.unibe.ch\/fr\/wp-json\/wp\/v2\/types\/product"}],"wp:featuredmedia":[{"embeddable":true,"href":"https:\/\/shop.iml.unibe.ch\/fr\/wp-json\/wp\/v2\/media\/2762"}],"wp:attachment":[{"href":"https:\/\/shop.iml.unibe.ch\/fr\/wp-json\/wp\/v2\/media?parent=1429"}],"wp:term":[{"taxonomy":"product_brand","embeddable":true,"href":"https:\/\/shop.iml.unibe.ch\/fr\/wp-json\/wp\/v2\/product_brand?post=1429"},{"taxonomy":"product_cat","embeddable":true,"href":"https:\/\/shop.iml.unibe.ch\/fr\/wp-json\/wp\/v2\/product_cat?post=1429"},{"taxonomy":"product_tag","embeddable":true,"href":"https:\/\/shop.iml.unibe.ch\/fr\/wp-json\/wp\/v2\/product_tag?post=1429"}],"curies":[{"name":"wp","href":"https:\/\/api.w.org\/{rel}","templated":true}]}}