{"id":1118,"date":"2024-05-01T12:13:44","date_gmt":"2024-05-01T10:13:44","guid":{"rendered":"https:\/\/shop.iml.unibe.ch\/de\/?page_id=1118"},"modified":"2024-06-05T11:06:15","modified_gmt":"2024-06-05T09:06:15","slug":"impressum","status":"publish","type":"page","link":"https:\/\/shop.iml.unibe.ch\/de\/impressum\/","title":{"rendered":"Impressum"},"content":{"rendered":"\n<h4 class=\"wp-block-heading\">Verantwortliche Instanz<\/h4>\n\n\n\n<p>Universit\u00e4t Bern<br>Institut f\u00fcr Medizinische Lehre<br>Mittelstrasse 43<br>CH-3012 Bern<\/p>\n\n\n\n<p>E-mail: <a href=\"mailto:kontakt.iml@unibe.ch\">kontakt.iml (at) unibe.ch<\/a><\/p>\n\n\n\n<p><\/p>\n\n\n\n<p>Die Universit\u00e4t Bern und ihre Organisationseinheiten bem\u00fchen sich um richtige und aktuelle Informationen auf ihren Webseiten. Eine Zusicherung oder Gew\u00e4hrleistung hinsichtlich Vollst\u00e4ndigkeit und inhaltlicher Richtigkeit der Informationen kann jedoch nicht gemacht werden.<\/p>\n\n\n\n<h4 class=\"wp-block-heading\">Inhalt<\/h4>\n\n\n\n<p>Verantwortlich f\u00fcr den Inhalt dieser Seiten ist das Institut f\u00fcr Medizinische Lehre der Universit\u00e4t Bern. F\u00fcr Anfragen beachten Sie bitte unsere&nbsp;<a href=\"https:\/\/www.iml.unibe.ch\/ueber-uns\/weiterfuehrende-informationen\/kontakt\">Kontaktseite<\/a>.<\/p>\n\n\n\n<p>Die Universit\u00e4t Bern und ihre Organisationseinheiten bem\u00fchen sich um richtige und aktuelle Informationen auf ihren Webseiten. Eine Zusicherung oder Gew\u00e4hrleistung hinsichtlich Vollst\u00e4ndigkeit und inhaltlicher Richtigkeit der Informationen kann jedoch nicht gemacht werden. Bei der Umstellung der Spracheinstellung kann die Sprache variieren.&nbsp;<\/p>\n\n\n\n<h4 class=\"wp-block-heading\">Technik<\/h4>\n\n\n\n<p>Verantwortlich f\u00fcr den technischen Betrieb dieser Seiten ist das IT-Team des Instituts f\u00fcr Medizinische Lehre der Universit\u00e4t Bern. Die technische Umsetzung orientiert sich an den Grunds\u00e4tzen des barrierefreien Webdesigns, die Publikation erfolgt mit WordPress.<br>Technische Hinweise und Anfragen zu dieser Website k\u00f6nnen Sie per E-Mail an den&nbsp;<a href=\"mailto:webmaster@iml.unibe.ch\">Webmaster<\/a>&nbsp;richten.<\/p>\n\n\n\n<h4 class=\"wp-block-heading\">Haftungsausschluss<\/h4>\n\n\n\n<p>Der Autor \u00fcbernimmt keine Gew\u00e4hr f\u00fcr die Richtigkeit, Genauigkeit, Aktualit\u00e4t, Zuverl\u00e4ssigkeit und Vollst\u00e4ndigkeit der Informationen.<br>Haftungsanspr\u00fcche gegen den Autor wegen Sch\u00e4den materieller oder immaterieller Art, welche aus dem Zugriff oder der Nutzung bzw. Nichtnutzung der ver\u00f6ffentlichten Informationen, durch Missbrauch der Verbindung oder durch technische St\u00f6rungen entstanden sind, werden ausgeschlossen.<br>Alle Angebote sind unverbindlich. Der Autor beh\u00e4lt es sich ausdr\u00fccklich vor, Teile der Seiten oder das gesamte Angebot ohne gesonderte Ank\u00fcndigung zu ver\u00e4ndern, zu erg\u00e4nzen, zu l\u00f6schen oder die Ver\u00f6ffentlichung zeitweise oder endg\u00fcltig einzustellen.<\/p>\n\n\n\n<h4 class=\"wp-block-heading\">Haftungsausschluss f\u00fcr Inhalte und Links<\/h4>\n\n\n\n<p>Verweise und Links auf Webseiten Dritter liegen ausserhalb unseres Verantwortungsbereichs. Es wird jegliche Verantwortung f\u00fcr solche Webseiten abgelehnt. Der Zugriff und die Nutzung solcher Webseiten erfolgen auf eigene Gefahr des jeweiligen Nutzers.<\/p>\n\n\n\n<h4 class=\"wp-block-heading\">Urheberrechtserkl\u00e4rung<\/h4>\n\n\n\n<p>Die Urheber- und alle anderen Rechte an Inhalten, Bildern, Fotos oder anderen Dateien auf dieser Website, geh\u00f6ren ausschliesslich dem Institut f\u00fcr Medizinische Lehre oder den speziell genannten Rechteinhabern. F\u00fcr die Reproduktion jeglicher Elemente ist die schriftliche Zustimmung der Urheberrechtstr\u00e4ger im Voraus einzuholen. Einige Bilder stammen teilweise von Adobe Stock&nbsp;oder wurden von der Abteilung f\u00fcr Kommunikation der Universit\u00e4t Bern zur Verf\u00fcgung gestellt.<\/p>\n","protected":false},"excerpt":{"rendered":"<p>Verantwortliche Instanz Universit\u00e4t BernInstitut f\u00fcr Medizinische LehreMittelstrasse 43CH-3012 Bern E-mail: kontakt.iml (at) unibe.ch Die Universit\u00e4t Bern und ihre Organisationseinheiten bem\u00fchen sich um richtige und aktuelle Informationen auf ihren Webseiten. Eine Zusicherung oder Gew\u00e4hrleistung hinsichtlich Vollst\u00e4ndigkeit und inhaltlicher Richtigkeit der Informationen kann jedoch nicht gemacht werden. Inhalt Verantwortlich f\u00fcr den Inhalt dieser Seiten ist das Institut [&hellip;]<\/p>\n","protected":false},"author":212,"featured_media":0,"parent":0,"menu_order":0,"comment_status":"closed","ping_status":"closed","template":"","meta":{"_acf_changed":false,"footnotes":""},"class_list":["post-1118","page","type-page","status-publish","hentry"],"acf":[],"_links":{"self":[{"href":"https:\/\/shop.iml.unibe.ch\/de\/wp-json\/wp\/v2\/pages\/1118","targetHints":{"allow":["GET"]}}],"collection":[{"href":"https:\/\/shop.iml.unibe.ch\/de\/wp-json\/wp\/v2\/pages"}],"about":[{"href":"https:\/\/shop.iml.unibe.ch\/de\/wp-json\/wp\/v2\/types\/page"}],"author":[{"embeddable":true,"href":"https:\/\/shop.iml.unibe.ch\/de\/wp-json\/wp\/v2\/users\/212"}],"replies":[{"embeddable":true,"href":"https:\/\/shop.iml.unibe.ch\/de\/wp-json\/wp\/v2\/comments?post=1118"}],"version-history":[{"count":6,"href":"https:\/\/shop.iml.unibe.ch\/de\/wp-json\/wp\/v2\/pages\/1118\/revisions"}],"predecessor-version":[{"id":1164,"href":"https:\/\/shop.iml.unibe.ch\/de\/wp-json\/wp\/v2\/pages\/1118\/revisions\/1164"}],"wp:attachment":[{"href":"https:\/\/shop.iml.unibe.ch\/de\/wp-json\/wp\/v2\/media?parent=1118"}],"curies":[{"name":"wp","href":"https:\/\/api.w.org\/{rel}","templated":true}]}}